{"id":107,"date":"2023-11-12T21:04:03","date_gmt":"2023-11-12T20:04:03","guid":{"rendered":"https:\/\/vela-luka.de\/?page_id=107"},"modified":"2023-11-12T21:20:39","modified_gmt":"2023-11-12T20:20:39","slug":"appartement-mit-drei-schlafzimmern","status":"publish","type":"page","link":"https:\/\/vela-luka.de\/index.php\/appartement-mit-drei-schlafzimmern\/","title":{"rendered":"Appartement mit drei Schlafzimmern"},"content":{"rendered":"\n<p>Hier bleibt kein Wunsch offen. Das in 2022 und 2023 komplett neu renovierte Appartement hat alles, was sie f\u00fcr einen erholsamen Aufenthalt ben\u00f6tigen. Generell ist in allen R\u00e4umen kostenloses Wi-Fi verf\u00fcgbar und jedes Zimmer verf\u00fcgt \u00fcber Klappl\u00e4den f\u00fcr schattige R\u00e4ume, sowie Moskitorollos an den Fenstern. <\/p>\n\n\n\n<p>Neben dem klimatisierten Master-Bedroom und eigenem Bad mit Dusche gibt es zwei weitere Schlafzimmer, die schattig und ruhig auf der R\u00fcckseite des Geb\u00e4udes liegen. Somit ist eine angenehme Temperatur und ruhiges schlafen m\u00f6glich. <\/p>\n\n\n\n<p>Ein weitere Bad ist mit gro\u00dfer begehbarer Dusche, Toilette, Handtuchw\u00e4rmer und gro\u00dfem modernem Waschbecken ausgestattet.<\/p>\n\n\n\n<p>Die neue moderne K\u00fcche mit Induktionskochfeld, Sp\u00fclmaschine, Backofen, Mikrowelle und gro\u00dfem K\u00fchlschrank l\u00e4sst keine W\u00fcnsche offen. Hier ist genug Platz, um gemeinsam zu kochen, oder auch um die legend\u00e4ren Grillabende gemeinsam bei einem Glas Wein vorzubereiten. <\/p>\n\n\n\n<p>Direkt neben der K\u00fcche liegt das Esszimmer mit ausziehbarem Esstisch und sechs St\u00fchlen, sowie Zugang zum go\u00dfen Balkon \/ Terrasse, auf dem bis zu 12 Personen Platz finden. <\/p>\n\n\n\n<p>Vom Wohnzimmer aus werden die weiteren R\u00e4ume (K\u00fcche, Esszimmer und z. T. auch die Schlafzimmer) klimatisiert. Sat-TV (ASTRA) sowie ein 55-Zoll Samsung-Smart-TV (Netflix, Amazon-Apps etc. sind \u00fcber g\u00e4steeigene Kundenaccounts nutzbar).<\/p>\n\n\n\n<p><\/p>\n\n\n\n<p><\/p>\n","protected":false},"excerpt":{"rendered":"<p>Hier bleibt kein Wunsch offen. Das in 2022 und 2023 komplett neu renovierte Appartement hat alles, was sie f\u00fcr einen erholsamen Aufenthalt ben\u00f6tigen. Generell ist [&hellip;]<\/p>\n","protected":false},"author":1,"featured_media":0,"parent":0,"menu_order":0,"comment_status":"closed","ping_status":"closed","template":"","meta":{"advanced_seo_description":"","jetpack_seo_html_title":"","jetpack_seo_noindex":false,"footnotes":""},"class_list":["post-107","page","type-page","status-publish","hentry"],"jetpack-related-posts":[],"jetpack_sharing_enabled":true,"_links":{"self":[{"href":"https:\/\/vela-luka.de\/index.php\/wp-json\/wp\/v2\/pages\/107","targetHints":{"allow":["GET"]}}],"collection":[{"href":"https:\/\/vela-luka.de\/index.php\/wp-json\/wp\/v2\/pages"}],"about":[{"href":"https:\/\/vela-luka.de\/index.php\/wp-json\/wp\/v2\/types\/page"}],"author":[{"embeddable":true,"href":"https:\/\/vela-luka.de\/index.php\/wp-json\/wp\/v2\/users\/1"}],"replies":[{"embeddable":true,"href":"https:\/\/vela-luka.de\/index.php\/wp-json\/wp\/v2\/comments?post=107"}],"version-history":[{"count":3,"href":"https:\/\/vela-luka.de\/index.php\/wp-json\/wp\/v2\/pages\/107\/revisions"}],"predecessor-version":[{"id":114,"href":"https:\/\/vela-luka.de\/index.php\/wp-json\/wp\/v2\/pages\/107\/revisions\/114"}],"wp:attachment":[{"href":"https:\/\/vela-luka.de\/index.php\/wp-json\/wp\/v2\/media?parent=107"}],"curies":[{"name":"wp","href":"https:\/\/api.w.org\/{rel}","templated":true}]}}