{"id":110,"date":"2023-11-12T21:19:22","date_gmt":"2023-11-12T20:19:22","guid":{"rendered":"https:\/\/vela-luka.de\/?page_id=110"},"modified":"2023-11-12T21:21:19","modified_gmt":"2023-11-12T20:21:19","slug":"appartement-mit-zwei-schlafzimmern","status":"publish","type":"page","link":"https:\/\/vela-luka.de\/index.php\/appartement-mit-zwei-schlafzimmern\/","title":{"rendered":"Appartement mit zwei Schlafzimmern"},"content":{"rendered":"\n<p>Das in 2022 und 2023 modernisierte Appartement hat eine riesengro\u00dfe traumhafte Terrasse, die mit einer Markise zum schattigen erholen einl\u00e4dt. Generell ist in allen R\u00e4umen kostenloses Wi-Fi verf\u00fcgbar und jedes Zimmer verf\u00fcgt \u00fcber Klappl\u00e4den f\u00fcr schattige R\u00e4ume, sowie Moskitorollos an den Fenstern. <\/p>\n\n\n\n<p>Neben dem klimatisierten Schlafzimmer und einem Bad mit begehbarer Dusche gibt es ein weiteres Schlafzimmer, beide mit traumhaften Meerblick. <\/p>\n\n\n\n<p>Die Ess-Wohnk\u00fcche hat einen separaten Einganz zu den Schlafzimmern und hat neben Sp\u00fclmaschine, gro\u00dfem K\u00fchlschrank ebenso einen Herd mit Backofen. Neben der K\u00fcche am gro\u00dfen Esszimmertisch ist ebenfalls genug Platz, um gemeinsam zu kochen, oder auch um die legend\u00e4ren Grillabende gemeinsam bei einem Glas Wein vorzubereiten. <\/p>\n\n\n\n<p>Am Einangsbereich des Wohnbereiches gibt es ein gem\u00fctliches Sofa, sowie einen Sat-TV. Hier k\u00f6nnen mit einem vom Gast mitgebrachten TV-Stick und vom Gast vorhandenen Kundenaccount ebenfalls Netflix, Amazon-Apps etc. genutzt werden. <\/p>\n\n\n\n<p>Die gro\u00dfe Terrasse verf\u00fcgt \u00fcber einen \u00fcberdachten Steintisch f\u00fcr ca. 6-8 Personen. Auf der gegeb\u00fcberliegenden Seite befindet sich die Grillterrasse mit offenem Grill, Au\u00dfendusche, sowie eine, Outdoor-Loungesofa direkt unter den Olivenb\u00e4umen.<\/p>\n","protected":false},"excerpt":{"rendered":"<p>Das in 2022 und 2023 modernisierte Appartement hat eine riesengro\u00dfe traumhafte Terrasse, die mit einer Markise zum schattigen erholen einl\u00e4dt. Generell ist in allen R\u00e4umen [&hellip;]<\/p>\n","protected":false},"author":1,"featured_media":0,"parent":0,"menu_order":0,"comment_status":"closed","ping_status":"closed","template":"","meta":{"advanced_seo_description":"","jetpack_seo_html_title":"","jetpack_seo_noindex":false,"footnotes":""},"class_list":["post-110","page","type-page","status-publish","hentry"],"jetpack-related-posts":[],"jetpack_sharing_enabled":true,"_links":{"self":[{"href":"https:\/\/vela-luka.de\/index.php\/wp-json\/wp\/v2\/pages\/110","targetHints":{"allow":["GET"]}}],"collection":[{"href":"https:\/\/vela-luka.de\/index.php\/wp-json\/wp\/v2\/pages"}],"about":[{"href":"https:\/\/vela-luka.de\/index.php\/wp-json\/wp\/v2\/types\/page"}],"author":[{"embeddable":true,"href":"https:\/\/vela-luka.de\/index.php\/wp-json\/wp\/v2\/users\/1"}],"replies":[{"embeddable":true,"href":"https:\/\/vela-luka.de\/index.php\/wp-json\/wp\/v2\/comments?post=110"}],"version-history":[{"count":2,"href":"https:\/\/vela-luka.de\/index.php\/wp-json\/wp\/v2\/pages\/110\/revisions"}],"predecessor-version":[{"id":115,"href":"https:\/\/vela-luka.de\/index.php\/wp-json\/wp\/v2\/pages\/110\/revisions\/115"}],"wp:attachment":[{"href":"https:\/\/vela-luka.de\/index.php\/wp-json\/wp\/v2\/media?parent=110"}],"curies":[{"name":"wp","href":"https:\/\/api.w.org\/{rel}","templated":true}]}}