{"id":116,"date":"2023-11-12T21:30:27","date_gmt":"2023-11-12T20:30:27","guid":{"rendered":"https:\/\/vela-luka.de\/?page_id=116"},"modified":"2023-11-12T21:30:27","modified_gmt":"2023-11-12T20:30:27","slug":"appartement-mit-einem-schlafzimmer","status":"publish","type":"page","link":"https:\/\/vela-luka.de\/index.php\/appartement-mit-einem-schlafzimmer\/","title":{"rendered":"Appartement mit einem Schlafzimmer"},"content":{"rendered":"\n<p>Dieses Appartement liegt etwas separat abseits des Haupthauses. Generell ist in allen R\u00e4umen kostenloses Wi-Fi verf\u00fcgbar und jedes Zimmer verf\u00fcgt \u00fcber Klappl\u00e4den f\u00fcr schattige R\u00e4ume, sowie Moskitorollos an den Fenstern. <\/p>\n\n\n\n<p>Neben dem klimatisierten Schlafzimmer mit Bad, Dusche und WC gibt es eine lichtdurchflutete K\u00fcche mit Strom- und Gaskochfeld, Backofen, Mikrowelle und gro\u00dfem K\u00fchlschrank. Ebenso ist ein Esstisch mit St\u00fchlen vorhanden. Die ganze K\u00fcchenfront bietet einen traumhaften Meerblick unter den auf dem Grundst\u00fcck wachsenden Olivenb\u00e4umen. Von der K\u00fcche aus gelangt man \u00fcber den Haupteingang zu einer \u00fcberdachten kleinen Terrasse mit Meerblick.  Eine weitere Terrasse befindet sich unter einem Olivenbaum am Schlafzimmerausgang. <\/p>\n\n\n\n<p>Im Schlafzimmer ist ein Sat-TV (ASTRA) vorhanden. Netflix, Amazon-Apps etc. sind \u00fcber g\u00e4steeigene TV-Sticks und Kundenaccounts nutzbar.<\/p>\n","protected":false},"excerpt":{"rendered":"<p>Dieses Appartement liegt etwas separat abseits des Haupthauses. Generell ist in allen R\u00e4umen kostenloses Wi-Fi verf\u00fcgbar und jedes Zimmer verf\u00fcgt \u00fcber Klappl\u00e4den f\u00fcr schattige R\u00e4ume, [&hellip;]<\/p>\n","protected":false},"author":1,"featured_media":0,"parent":0,"menu_order":0,"comment_status":"closed","ping_status":"closed","template":"","meta":{"advanced_seo_description":"","jetpack_seo_html_title":"","jetpack_seo_noindex":false,"footnotes":""},"class_list":["post-116","page","type-page","status-publish","hentry"],"jetpack-related-posts":[],"jetpack_sharing_enabled":true,"_links":{"self":[{"href":"https:\/\/vela-luka.de\/index.php\/wp-json\/wp\/v2\/pages\/116","targetHints":{"allow":["GET"]}}],"collection":[{"href":"https:\/\/vela-luka.de\/index.php\/wp-json\/wp\/v2\/pages"}],"about":[{"href":"https:\/\/vela-luka.de\/index.php\/wp-json\/wp\/v2\/types\/page"}],"author":[{"embeddable":true,"href":"https:\/\/vela-luka.de\/index.php\/wp-json\/wp\/v2\/users\/1"}],"replies":[{"embeddable":true,"href":"https:\/\/vela-luka.de\/index.php\/wp-json\/wp\/v2\/comments?post=116"}],"version-history":[{"count":1,"href":"https:\/\/vela-luka.de\/index.php\/wp-json\/wp\/v2\/pages\/116\/revisions"}],"predecessor-version":[{"id":118,"href":"https:\/\/vela-luka.de\/index.php\/wp-json\/wp\/v2\/pages\/116\/revisions\/118"}],"wp:attachment":[{"href":"https:\/\/vela-luka.de\/index.php\/wp-json\/wp\/v2\/media?parent=116"}],"curies":[{"name":"wp","href":"https:\/\/api.w.org\/{rel}","templated":true}]}}