{"id":82,"date":"2023-11-12T19:16:11","date_gmt":"2023-11-12T18:16:11","guid":{"rendered":"https:\/\/vela-luka.de\/?page_id=82"},"modified":"2023-11-12T21:33:14","modified_gmt":"2023-11-12T20:33:14","slug":"anreise","status":"publish","type":"page","link":"https:\/\/vela-luka.de\/index.php\/anreise\/","title":{"rendered":"Anreise"},"content":{"rendered":"\n<p>Die Adresse Ihres Feriendomiziles:&nbsp;<\/p>\n\n\n\n<p><strong>Villa Belvedere<\/strong><br>Ulica 1 \/ 27&nbsp;<br>in der Bucht Zubaca Vala<br>20270 Vela Luka<br>Kroatien<\/p>\n\n\n\n<p>Die Anreise erfolgt im Regelfall samstags ab 16:00 Uhr, Abreise ebenfalls samstags, sp\u00e4testens 10:00 Uhr. Andere Tage und Zeitr\u00e4ume sind nach Absprache m\u00f6glich.<\/p>\n\n\n\n<p>Sollten sie fr\u00fcher anreisen, oder sp\u00e4ter abreisen wollen, k\u00f6nnen sie nach vorheriger Absprache ihr Gep\u00e4ck gerne noch bei uns einige Stunden deponieren. <\/p>\n\n\n\n<p>Damit sie auch bei einer Versp\u00e4tung jederzeit Anreisen k\u00f6nnen, bereiten wir alles f\u00fcr ihren Besuch vor und informieren sie, wo wir den Schl\u00fcssel f\u00fcr sie bereit legen. Ebenfalls informieren wir sie sie vorab mit allem, was sie f\u00fcr ihren Aufenthalt ben\u00f6tigen. Ebenso bekommen sie von uns eine Liste mit Tipps und Infos zu Vela Luka. <\/p>\n\n\n\n<p>Am Anreisetag und nat\u00fcrlich auch w\u00e4hrend ihres gesamten Aufenthaltes sind wir telefonisch, email, oder per Whatsapp f\u00fcr sie vor Ort erreichbar.<\/p>\n\n\n\n<p>Von Split aus erreichen sie Vela Luka mit der Autof\u00e4hre, die t\u00e4glich zwei mal f\u00e4hrt. Alternativ f\u00e4hrt ein Mal am Tag das Katamaran nach Vela Luka. <\/p>\n\n\n\n<p>Sie k\u00f6nnen das Ferienhaus bereits bei der Anfahrt mit der F\u00e4hre auf der linken Seite der Insel in der letzten Bucht vor Vela Luka erkennen. Vom Hafen sind es nur noch ca. 5 Minuten entlang der Hafenstra\u00dfe durch Vela Luka zu Ihrem Urlaubsdomizil. Parken k\u00f6nnen sie kostenlos vor unserem Anwesen. <\/p>\n\n\n\n<p>Sollten Sie sich f\u00fcr die Anreise \u00fcber die neue Br\u00fccke Pelje\u0161ac und der F\u00e4hre von Orebi\u010d nach Kor\u010dula Stadt entscheiden, k\u00f6nnen sie im Somme ungef\u00e4hr jede Stunde eine F\u00e4hre nutzen. Vom F\u00e4hrhafen Kor\u010dula ben\u00f6tigen sie dann noch ca. 45 Minuten nach Vela Luka. <\/p>\n\n\n\n<p>Genaue Fahrzeiten und Tickets finden sie auf der Webseite und der App der Jadrolinija. Es empfiehlt sich im Sommer eine Reservierung der Tickets per App.  <\/p>\n","protected":false},"excerpt":{"rendered":"<p>Die Adresse Ihres Feriendomiziles:&nbsp; Villa BelvedereUlica 1 \/ 27&nbsp;in der Bucht Zubaca Vala20270 Vela LukaKroatien Die Anreise erfolgt im Regelfall samstags ab 16:00 Uhr, Abreise [&hellip;]<\/p>\n","protected":false},"author":1,"featured_media":0,"parent":0,"menu_order":0,"comment_status":"closed","ping_status":"closed","template":"","meta":{"advanced_seo_description":"","jetpack_seo_html_title":"","jetpack_seo_noindex":false,"footnotes":""},"class_list":["post-82","page","type-page","status-publish","hentry"],"jetpack-related-posts":[],"jetpack_sharing_enabled":true,"_links":{"self":[{"href":"https:\/\/vela-luka.de\/index.php\/wp-json\/wp\/v2\/pages\/82","targetHints":{"allow":["GET"]}}],"collection":[{"href":"https:\/\/vela-luka.de\/index.php\/wp-json\/wp\/v2\/pages"}],"about":[{"href":"https:\/\/vela-luka.de\/index.php\/wp-json\/wp\/v2\/types\/page"}],"author":[{"embeddable":true,"href":"https:\/\/vela-luka.de\/index.php\/wp-json\/wp\/v2\/users\/1"}],"replies":[{"embeddable":true,"href":"https:\/\/vela-luka.de\/index.php\/wp-json\/wp\/v2\/comments?post=82"}],"version-history":[{"count":7,"href":"https:\/\/vela-luka.de\/index.php\/wp-json\/wp\/v2\/pages\/82\/revisions"}],"predecessor-version":[{"id":135,"href":"https:\/\/vela-luka.de\/index.php\/wp-json\/wp\/v2\/pages\/82\/revisions\/135"}],"wp:attachment":[{"href":"https:\/\/vela-luka.de\/index.php\/wp-json\/wp\/v2\/media?parent=82"}],"curies":[{"name":"wp","href":"https:\/\/api.w.org\/{rel}","templated":true}]}}